{"id":1525,"date":"2019-08-25T19:19:23","date_gmt":"2019-08-25T17:19:23","guid":{"rendered":"https:\/\/www.transportskoric.com\/?page_id=1525"},"modified":"2019-08-25T19:56:26","modified_gmt":"2019-08-25T17:56:26","slug":"home","status":"publish","type":"page","link":"https:\/\/www.transportskoric.com\/en\/","title":{"rendered":"Home"},"content":{"rendered":"<div class=\"wpb-content-wrapper\"><p>[vc_row][vc_column]<div class=\"cz_gap clr \" style=\"height: 20px\"><\/div>[\/vc_column][\/vc_row][vc_row full_width=&#8221;stretch_row&#8221; css=&#8221;.vc_custom_1566753535959{padding-top: 60px !important;padding-bottom: 60px !important;}&#8221; el_id=&#8221;aboutus&#8221;][vc_column offset=&#8221;vc_col-md-6&#8243;]<div id=\"cz_37703\" data-position=\"top-right\" class=\"cz_37703 cz_image clr cz_image_no_fx center_on_mobile wpb_animate_when_almost_visible fadeInLeft\"><div class=\"\" ><div class=\"cz_image_in\"><div class=\"cz_main_image\"><img loading=\"lazy\" decoding=\"async\" width=\"900\" height=\"599\" src=\"https:\/\/www.transportskoric.com\/wp-content\/uploads\/2019\/08\/renault-plandeka.png\" class=\"attachment-full\" alt=\"\" title=\"renault plandeka\" srcset=\"https:\/\/www.transportskoric.com\/wp-content\/uploads\/2019\/08\/renault-plandeka.png 900w, https:\/\/www.transportskoric.com\/wp-content\/uploads\/2019\/08\/renault-plandeka-300x200.png 300w, https:\/\/www.transportskoric.com\/wp-content\/uploads\/2019\/08\/renault-plandeka-768x511.png 768w, https:\/\/www.transportskoric.com\/wp-content\/uploads\/2019\/08\/renault-plandeka-600x399.png 600w\" sizes=\"auto, (max-width: 900px) 100vw, 900px\" \/><\/div><\/div><\/div><\/div>[\/vc_column][vc_column offset=&#8221;vc_col-md-6&#8243;]<div class=\"cz_eqh cz_content_box_parent_fx  \"><div id=\"cz_30251\" class=\"cz_30251 cz_content_box clr\"><div class=\"cz_box_front clr\"><div class=\"cz_box_front_inner clr \"><span><\/span><div><div class=\"cz_gap clr \" style=\"height: 40px\"><\/div>[vc_column_text]<\/p>\n<h1>International transportation with vans<\/h1>\n<p>Many years of experience is a limit to the safety and success of transporting your goods to all desired destinations in Europe. We organize solo and groupage transports between Serbia &#8211; Europe and Europe &#8211; Serbia.[\/vc_column_text]<div class=\"cz_gap clr \" style=\"height: 40px\"><\/div><\/div><\/div><\/div><\/div><\/div>[\/vc_column][\/vc_row][vc_row full_width=&#8221;stretch_row&#8221; content_placement=&#8221;middle&#8221; css=&#8221;.vc_custom_1566732678326{background-image: url(https:\/\/www.transportskoric.com\/wp-content\/uploads\/revslider\/home_slider\/slider1-1.jpg?id=1322) !important;}&#8221; el_id=&#8221;transport&#8221;][vc_column width=&#8221;1\/2&#8243;]<div class=\"cz_gap clr \" style=\"height: 50px\"><\/div>[vc_column_text]<\/p>\n<h2 style=\"text-align: center;\"><span style=\"color: #ffffff;\">Transport<\/span><\/h2>\n<p style=\"text-align: center;\"><span style=\"color: #ffffff; font-size: 24px;\">We are specialize primarily in the international transportation with vans. Many years of experience is a limit to the safety and success of transporting your goods to all desired destinations in Europe. We organize solo and groupage transports between Serbia &#8211; Europe and Europe &#8211; Serbia.<\/span><\/p>\n<p>[\/vc_column_text]<div class=\"cz_gap clr \" style=\"height: 50px\"><\/div>[\/vc_column][vc_column width=&#8221;1\/2&#8243;]<div class=\"cz_eqh cz_content_box_parent_fx  \"><div id=\"cz_60102\" class=\"cz_60102 cz_content_box clr\"><div class=\"cz_box_front clr\"><div class=\"cz_box_front_inner clr \"><span><\/span><div>[vc_column_text]<div id=\"quform-0f8f1f\" class=\"quform quform-3 quform-theme-light quform-support-page-caching\"><form id=\"quform-form-0f8f1f\" class=\"quform-form quform-form-3\" action=\"\/en\/wp-json\/wp\/v2\/pages\/1525#quform-0f8f1f\" method=\"post\" enctype=\"multipart\/form-data\" novalidate=\"novalidate\" data-options=\"{&quot;id&quot;:3,&quot;uniqueId&quot;:&quot;0f8f1f&quot;,&quot;theme&quot;:&quot;light&quot;,&quot;ajax&quot;:true,&quot;logic&quot;:{&quot;logic&quot;:[],&quot;dependents&quot;:[],&quot;elementIds&quot;:[],&quot;dependentElementIds&quot;:[],&quot;animate&quot;:true},&quot;currentPageId&quot;:1,&quot;errorsIcon&quot;:&quot;&quot;,&quot;updateFancybox&quot;:true,&quot;hasPages&quot;:false,&quot;pages&quot;:[1],&quot;pageProgressType&quot;:&quot;numbers&quot;,&quot;tooltipsEnabled&quot;:true,&quot;tooltipClasses&quot;:&quot;qtip-quform-dark qtip-shadow&quot;,&quot;tooltipMy&quot;:&quot;left center&quot;,&quot;tooltipAt&quot;:&quot;right center&quot;,&quot;isRtl&quot;:false,&quot;scrollOffset&quot;:-50,&quot;scrollSpeed&quot;:800}\"><button class=\"quform-default-submit\" name=\"quform_submit\" type=\"submit\" value=\"submit\"><\/button><div class=\"quform-form-inner quform-form-inner-3\"><input type=\"hidden\" name=\"quform_form_id\" value=\"3\" \/><input type=\"hidden\" name=\"quform_form_uid\" value=\"0f8f1f\" \/><input type=\"hidden\" name=\"quform_count\" value=\"1\" \/><input type=\"hidden\" name=\"form_url\" value=\"https:\/\/www.transportskoric.com\/en\/wp-json\/wp\/v2\/pages\/1525\" \/><input type=\"hidden\" name=\"referring_url\" value=\"\" \/><input type=\"hidden\" name=\"post_id\" value=\"\" \/><input type=\"hidden\" name=\"post_title\" value=\"\" \/><input type=\"hidden\" name=\"quform_current_page_id\" value=\"1\" \/><input type=\"hidden\" name=\"quform_csrf_token\" value=\"V9R1Qyd8acDqs2zB6AJO6wnsDnqG6dNcKpCeDBB4\" \/><div class=\"quform-elements quform-elements-3 quform-cf quform-responsive-elements-phone-landscape\"><div class=\"quform-element quform-element-page quform-page-1 quform-page-3_1 quform-cf quform-group-style-plain quform-first-page quform-last-page quform-current-page\"><div class=\"quform-child-elements\"><div class=\"quform-element quform-element-html quform-element-3_3 quform-cf\"><div class=\"quform-spacer\"><h3>Online inquiry for transportation<\/h3><\/div><\/div><div class=\"quform-element quform-element-row quform-element-row-3_4 quform-2-columns quform-element-row-size-fixed quform-responsive-columns-phone-landscape\"><div class=\"quform-element quform-element-column quform-element-3_5\"><div class=\"quform-element quform-element-text quform-element-3_7 quform-cf quform-element-optional\"><div class=\"quform-spacer\"><div class=\"quform-label quform-label-3_7\"><label class=\"quform-label-text\" for=\"quform_3_7_0f8f1f\">Loading place<\/label><\/div><div class=\"quform-inner quform-inner-text quform-inner-3_7\"><div class=\"quform-input quform-input-text quform-input-3_7 quform-cf\"><input type=\"text\" id=\"quform_3_7_0f8f1f\" name=\"quform_3_7\" class=\"quform-field quform-field-text quform-field-3_7\" \/><\/div><\/div><\/div><\/div><\/div><div class=\"quform-element quform-element-column quform-element-3_6\"><div class=\"quform-element quform-element-date quform-element-3_8 quform-cf quform-element-optional\"><div class=\"quform-spacer\"><div class=\"quform-label quform-label-3_8\"><label class=\"quform-label-text\" for=\"quform_3_8_0f8f1f\">Loading date<\/label><\/div><div class=\"quform-inner quform-inner-date quform-inner-3_8\"><div class=\"quform-input quform-input-date quform-input-3_8 quform-cf quform-has-field-icon-right\"><input type=\"text\" id=\"quform_3_8_0f8f1f\" name=\"quform_3_8\" class=\"quform-field quform-field-date quform-field-3_8\" placeholder=\"YYYY-MM-DD\" data-options=\"{&quot;format&quot;:&quot;&quot;,&quot;min&quot;:&quot;today&quot;,&quot;max&quot;:&quot;&quot;,&quot;start&quot;:&quot;month&quot;,&quot;depth&quot;:&quot;month&quot;,&quot;showFooter&quot;:false,&quot;locale&quot;:&quot;sr&quot;,&quot;placeholder&quot;:&quot;&quot;,&quot;autoOpen&quot;:true,&quot;identifier&quot;:&quot;3_8&quot;}\" \/><span class=\"quform-field-icon quform-field-icon-right\"><i class=\"qicon-calendar\"><\/i><\/span><\/div><\/div><\/div><\/div><\/div><\/div><div class=\"quform-element quform-element-row quform-element-row-3_9 quform-2-columns quform-element-row-size-fixed quform-responsive-columns-phone-landscape\"><div class=\"quform-element quform-element-column quform-element-3_10\"><div class=\"quform-element quform-element-text quform-element-3_23 quform-cf quform-element-optional\"><div class=\"quform-spacer\"><div class=\"quform-label quform-label-3_23\"><label class=\"quform-label-text\" for=\"quform_3_23_0f8f1f\">Unloading place<\/label><\/div><div class=\"quform-inner quform-inner-text quform-inner-3_23\"><div class=\"quform-input quform-input-text quform-input-3_23 quform-cf\"><input type=\"text\" id=\"quform_3_23_0f8f1f\" name=\"quform_3_23\" class=\"quform-field quform-field-text quform-field-3_23\" \/><\/div><\/div><\/div><\/div><\/div><div class=\"quform-element quform-element-column quform-element-3_11\"><div class=\"quform-element quform-element-date quform-element-3_13 quform-cf quform-element-optional\"><div class=\"quform-spacer\"><div class=\"quform-label quform-label-3_13\"><label class=\"quform-label-text\" for=\"quform_3_13_0f8f1f\">Unloading date<\/label><\/div><div class=\"quform-inner quform-inner-date quform-inner-3_13\"><div class=\"quform-input quform-input-date quform-input-3_13 quform-cf quform-has-field-icon-right\"><input type=\"text\" id=\"quform_3_13_0f8f1f\" name=\"quform_3_13\" class=\"quform-field quform-field-date quform-field-3_13\" placeholder=\"YYYY-MM-DD\" data-options=\"{&quot;format&quot;:&quot;&quot;,&quot;min&quot;:&quot;today&quot;,&quot;max&quot;:&quot;&quot;,&quot;start&quot;:&quot;month&quot;,&quot;depth&quot;:&quot;month&quot;,&quot;showFooter&quot;:false,&quot;locale&quot;:&quot;sr&quot;,&quot;placeholder&quot;:&quot;&quot;,&quot;autoOpen&quot;:true,&quot;identifier&quot;:&quot;3_13&quot;}\" \/><span class=\"quform-field-icon quform-field-icon-right\"><i class=\"qicon-calendar\"><\/i><\/span><\/div><\/div><\/div><\/div><\/div><\/div><div class=\"quform-element quform-element-row quform-element-row-3_14 quform-3-columns quform-element-row-size-fixed quform-responsive-columns-phone-landscape\"><div class=\"quform-element quform-element-column quform-element-3_15\"><div class=\"quform-element quform-element-text quform-element-3_22 quform-cf quform-element-optional\"><div class=\"quform-spacer\"><div class=\"quform-label quform-label-3_22\"><label class=\"quform-label-text\" for=\"quform_3_22_0f8f1f\">Info about load<\/label><\/div><div class=\"quform-inner quform-inner-text quform-inner-3_22\"><div class=\"quform-input quform-input-text quform-input-3_22 quform-cf\"><input type=\"text\" id=\"quform_3_22_0f8f1f\" name=\"quform_3_22\" class=\"quform-field quform-field-text quform-field-3_22\" \/><\/div><\/div><\/div><\/div><\/div><div class=\"quform-element quform-element-column quform-element-3_16\"><div class=\"quform-element quform-element-text quform-element-3_18 quform-cf quform-element-optional\"><div class=\"quform-spacer\"><div class=\"quform-label quform-label-3_18\"><label class=\"quform-label-text\" for=\"quform_3_18_0f8f1f\">Load weight<\/label><\/div><div class=\"quform-inner quform-inner-text quform-inner-3_18\"><div class=\"quform-input quform-input-text quform-input-3_18 quform-cf\"><input type=\"text\" id=\"quform_3_18_0f8f1f\" name=\"quform_3_18\" class=\"quform-field quform-field-text quform-field-3_18\" \/><\/div><\/div><\/div><\/div><\/div><div class=\"quform-element quform-element-column quform-element-3_19\"><div class=\"quform-element quform-element-text quform-element-3_20 quform-cf quform-element-optional\"><div class=\"quform-spacer\"><div class=\"quform-label quform-label-3_20\"><label class=\"quform-label-text\" for=\"quform_3_20_0f8f1f\">Dimension<\/label><\/div><div class=\"quform-inner quform-inner-text quform-inner-3_20\"><div class=\"quform-input quform-input-text quform-input-3_20 quform-cf\"><input type=\"text\" id=\"quform_3_20_0f8f1f\" name=\"quform_3_20\" class=\"quform-field quform-field-text quform-field-3_20\" \/><\/div><\/div><\/div><\/div><\/div><\/div><div class=\"quform-element quform-element-textarea quform-element-3_21 quform-cf quform-element-optional\"><div class=\"quform-spacer\"><div class=\"quform-label quform-label-3_21\"><label class=\"quform-label-text\" for=\"quform_3_21_0f8f1f\">Extra info<\/label><\/div><div class=\"quform-inner quform-inner-textarea quform-inner-3_21\"><div class=\"quform-input quform-input-textarea quform-input-3_21 quform-cf\"><textarea id=\"quform_3_21_0f8f1f\" name=\"quform_3_21\" class=\"quform-field quform-field-textarea quform-field-3_21\"><\/textarea><\/div><\/div><\/div><\/div><div class=\"quform-element quform-element-recaptcha quform-element-3_26 quform-cf quform-element-required quform-recaptcha-no-size\"><div class=\"quform-spacer\"><div class=\"quform-inner quform-inner-recaptcha quform-inner-3_26\"><div class=\"quform-input quform-input-recaptcha quform-input-3_26 quform-cf\"><div class=\"quform-recaptcha\" data-config=\"{&quot;sitekey&quot;:&quot;6LdSxrQUAAAAAORvppcMTsq-XoOOfk6oueRAf0i0&quot;,&quot;_version&quot;:&quot;v3&quot;,&quot;size&quot;:&quot;invisible&quot;,&quot;type&quot;:&quot;image&quot;,&quot;theme&quot;:&quot;light&quot;,&quot;badge&quot;:&quot;bottomright&quot;}\"><\/div><noscript>Please enable JavaScript to submit this form.<\/noscript><\/div><\/div><\/div><\/div><div class=\"quform-element quform-element-submit quform-element-3_2 quform-cf quform-button-style-theme\"><div class=\"quform-button-submit quform-button-submit-default quform-button-submit-3_2\"><button name=\"quform_submit\" type=\"submit\" class=\"quform-submit\" value=\"submit\"><span class=\"quform-button-text quform-button-submit-text\">Send inquiry<\/span><\/button><\/div><div class=\"quform-loading quform-loading-position-left quform-loading-type-spinner-1\"><div class=\"quform-loading-inner\"><div class=\"quform-loading-spinner\"><div class=\"quform-loading-spinner-inner\"><\/div><\/div><\/div><\/div><\/div><div class=\"quform-element-tree\"><label for=\"quform_3_0_0f8f1f\">This field should be left blank<\/label><input type=\"text\" id=\"quform_3_0_0f8f1f\" name=\"quform_3_0\" class=\"quform-field quform-field-tree quform-field-3_0\" tabindex=\"-1\" autocomplete=\"off\" \/><\/div><\/div><\/div><\/div><\/div><\/form><\/div>[\/vc_column_text]<\/div><\/div><\/div><\/div><\/div>[\/vc_column][\/vc_row][vc_row css=&#8221;.vc_custom_1566753551711{padding-top: 60px !important;padding-bottom: 60px !important;}&#8221; el_id=&#8221;ourvehicles&#8221;][vc_column][vc_column_text]<\/p>\n<h2 style=\"text-align: center;\">Vehicles on offer<\/h2>\n<p style=\"text-align: center;\">The vehicles are newer generation, equipped with GPS, so you can always know where your vehicle is and your goods.<br \/>\nThe goods are insured with CMR insurance worth up to 150,000.00 Eur.<\/p>\n<p>[\/vc_column_text][\/vc_column][\/vc_row][vc_row full_width=&#8221;stretch_row&#8221; css=&#8221;.vc_custom_1566739964827{padding-bottom: 80px !important;background-color: #1b3050 !important;}&#8221;][vc_column offset=&#8221;vc_col-lg-4&#8243;]<div class=\"cz_eqh cz_content_box_parent_fx  \"><div class=\"fx_bounce_hover\"><div id=\"cz_75291\" class=\"cz_75291 cz_content_box clr\"><div class=\"cz_box_front clr\"><div class=\"cz_box_front_inner clr \"><span><\/span><div><div id=\"cz_72528\" data-position=\"top-right\" class=\"cz_72528 cz_image clr cz_image_no_fx center_on_mobile\"><div class=\"\" ><div class=\"cz_image_in\"><div class=\"cz_main_image\"><img loading=\"lazy\" decoding=\"async\" width=\"400\" height=\"320\" src=\"https:\/\/www.transportskoric.com\/wp-content\/uploads\/2019\/08\/kombi.png\" class=\"attachment-full\" alt=\"\" title=\"kombi\" srcset=\"https:\/\/www.transportskoric.com\/wp-content\/uploads\/2019\/08\/kombi.png 400w, https:\/\/www.transportskoric.com\/wp-content\/uploads\/2019\/08\/kombi-300x240.png 300w\" sizes=\"auto, (max-width: 400px) 100vw, 400px\" \/><\/div><\/div><\/div><\/div>[vc_column_text]<\/p>\n<h3 style=\"text-align: center;\">Van curtain<\/h3>\n<p style=\"text-align: center;\">capacity 8 pallets and 1300kg.<\/p>\n<p>[\/vc_column_text]<\/div><\/div><\/div><\/div><\/div><\/div>[\/vc_column][vc_column offset=&#8221;vc_col-lg-4&#8243;]<div class=\"cz_eqh cz_content_box_parent_fx  \"><div class=\"fx_bounce_hover\"><div id=\"cz_75291\" class=\"cz_75291 cz_content_box clr\"><div class=\"cz_box_front clr\"><div class=\"cz_box_front_inner clr \"><span><\/span><div><div id=\"cz_44924\" data-position=\"top-right\" class=\"cz_44924 cz_image clr cz_image_no_fx center_on_mobile\"><div class=\"\" ><div class=\"cz_image_in\"><div class=\"cz_main_image\"><img loading=\"lazy\" decoding=\"async\" width=\"450\" height=\"360\" src=\"https:\/\/www.transportskoric.com\/wp-content\/uploads\/2019\/08\/renaul-master-van.png\" class=\"attachment-full\" alt=\"\" title=\"renaul-master-van\" srcset=\"https:\/\/www.transportskoric.com\/wp-content\/uploads\/2019\/08\/renaul-master-van.png 450w, https:\/\/www.transportskoric.com\/wp-content\/uploads\/2019\/08\/renaul-master-van-300x240.png 300w\" sizes=\"auto, (max-width: 450px) 100vw, 450px\" \/><\/div><\/div><\/div><\/div>[vc_column_text]<\/p>\n<h3 style=\"text-align: center;\">Van box<\/h3>\n<p style=\"text-align: center;\">capacity 5 pallets and 1400kg.<\/p>\n<p>[\/vc_column_text]<\/div><\/div><\/div><\/div><\/div><\/div>[\/vc_column][vc_column offset=&#8221;vc_col-lg-4&#8243;]<div class=\"cz_eqh cz_content_box_parent_fx  \"><div class=\"fx_bounce_hover\"><div id=\"cz_75291\" class=\"cz_75291 cz_content_box clr\"><div class=\"cz_box_front clr\"><div class=\"cz_box_front_inner clr \"><span><\/span><div><div id=\"cz_103998\" data-position=\"top-right\" class=\"cz_103998 cz_image clr cz_image_no_fx center_on_mobile\"><div class=\"\" ><div class=\"cz_image_in\"><div class=\"cz_main_image\"><img loading=\"lazy\" decoding=\"async\" width=\"450\" height=\"360\" src=\"https:\/\/www.transportskoric.com\/wp-content\/uploads\/2019\/08\/renault-truck.png\" class=\"attachment-full\" alt=\"\" title=\"renault-truck\" srcset=\"https:\/\/www.transportskoric.com\/wp-content\/uploads\/2019\/08\/renault-truck.png 450w, https:\/\/www.transportskoric.com\/wp-content\/uploads\/2019\/08\/renault-truck-300x240.png 300w\" sizes=\"auto, (max-width: 450px) 100vw, 450px\" \/><\/div><\/div><\/div><\/div>[vc_column_text]<\/p>\n<h3 style=\"text-align: center;\">Small truck<\/h3>\n<p style=\"text-align: center;\">capacity 16 pallets and 3200kg.<\/p>\n<p>[\/vc_column_text]<\/div><\/div><\/div><\/div><\/div><\/div>[\/vc_column][\/vc_row][vc_row][vc_column]<div class=\"cz_gap clr \" style=\"height: 1px\"><\/div>[\/vc_column][\/vc_row]<\/p>\n<\/div>","protected":false},"excerpt":{"rendered":"<p>[vc_row][vc_column][\/vc_column][\/vc_row][vc_row full_width=&#8221;stretch_row&#8221; css=&#8221;.vc_custom_1566753535959{padding-top: 60px !important;padding-bottom: 60px !important;}&#8221; el_id=&#8221;aboutus&#8221;][vc_column offset=&#8221;vc_col-md-6&#8243;][\/vc_column][vc_column offset=&#8221;vc_col-md-6&#8243;][\/vc_column][\/vc_row][vc_row full_width=&#8221;stretch_row&#8221; &#8230; <\/p>\n","protected":false},"author":1,"featured_media":0,"parent":0,"menu_order":0,"comment_status":"closed","ping_status":"closed","template":"","meta":{"footnotes":""},"class_list":["post-1525","page","type-page","status-publish","hentry"],"yoast_head":"<!-- This site is optimized with the Yoast SEO plugin v26.1.1 - https:\/\/yoast.com\/wordpress\/plugins\/seo\/ -->\n<title>Home - Transport Skoric<\/title>\n<meta name=\"robots\" content=\"index, follow, max-snippet:-1, max-image-preview:large, max-video-preview:-1\" \/>\n<link rel=\"canonical\" href=\"https:\/\/www.transportskoric.com\/en\/\" \/>\n<meta property=\"og:locale\" content=\"en_US\" \/>\n<meta property=\"og:type\" content=\"article\" \/>\n<meta property=\"og:title\" content=\"Home - Transport Skoric\" \/>\n<meta property=\"og:description\" content=\"[vc_row][vc_column][\/vc_column][\/vc_row][vc_row full_width=&#8221;stretch_row&#8221; css=&#8221;.vc_custom_1566753535959{padding-top: 60px !important;padding-bottom: 60px !important;}&#8221; el_id=&#8221;aboutus&#8221;][vc_column offset=&#8221;vc_col-md-6&#8243;][\/vc_column][vc_column offset=&#8221;vc_col-md-6&#8243;][\/vc_column][\/vc_row][vc_row full_width=&#8221;stretch_row&#8221; ...\" \/>\n<meta property=\"og:url\" content=\"https:\/\/www.transportskoric.com\/en\/\" \/>\n<meta property=\"og:site_name\" content=\"Transport Skoric\" \/>\n<meta property=\"article:publisher\" content=\"https:\/\/www.facebook.com\/Autoprevoznik-%c5%a0kori%c4%87-%c5%bdeljko-101802127864840\/\" \/>\n<meta property=\"article:modified_time\" content=\"2019-08-25T17:56:26+00:00\" \/>\n<meta name=\"twitter:card\" content=\"summary_large_image\" \/>\n<meta name=\"twitter:label1\" content=\"Est. reading time\" \/>\n\t<meta name=\"twitter:data1\" content=\"3 minutes\" \/>\n<script type=\"application\/ld+json\" class=\"yoast-schema-graph\">{\"@context\":\"https:\/\/schema.org\",\"@graph\":[{\"@type\":\"WebPage\",\"@id\":\"https:\/\/www.transportskoric.com\/en\/\",\"url\":\"https:\/\/www.transportskoric.com\/en\/\",\"name\":\"Home - Transport Skoric\",\"isPartOf\":{\"@id\":\"https:\/\/www.transportskoric.com\/#website\"},\"datePublished\":\"2019-08-25T17:19:23+00:00\",\"dateModified\":\"2019-08-25T17:56:26+00:00\",\"breadcrumb\":{\"@id\":\"https:\/\/www.transportskoric.com\/en\/#breadcrumb\"},\"inLanguage\":\"en-US\",\"potentialAction\":[{\"@type\":\"ReadAction\",\"target\":[\"https:\/\/www.transportskoric.com\/en\/\"]}]},{\"@type\":\"BreadcrumbList\",\"@id\":\"https:\/\/www.transportskoric.com\/en\/#breadcrumb\",\"itemListElement\":[{\"@type\":\"ListItem\",\"position\":1,\"name\":\"Po\u010detna\",\"item\":\"https:\/\/www.transportskoric.com\/en\/\"},{\"@type\":\"ListItem\",\"position\":2,\"name\":\"Home\"}]},{\"@type\":\"WebSite\",\"@id\":\"https:\/\/www.transportskoric.com\/#website\",\"url\":\"https:\/\/www.transportskoric.com\/\",\"name\":\"Autoprevoznik \u0160kori\u0107 Du\u0161an\",\"description\":\"\u0421\u0430\u043c\u043e \u0458\u043e\u0448 \u0458\u0435\u0434\u043d\u043e \u0412\u043e\u0440\u0434\u043f\u0440\u0435\u0441\u043e\u0432\u043e \u0432\u0435\u0431 \u043c\u0435\u0441\u0442\u043e\",\"publisher\":{\"@id\":\"https:\/\/www.transportskoric.com\/#organization\"},\"potentialAction\":[{\"@type\":\"SearchAction\",\"target\":{\"@type\":\"EntryPoint\",\"urlTemplate\":\"https:\/\/www.transportskoric.com\/?s={search_term_string}\"},\"query-input\":{\"@type\":\"PropertyValueSpecification\",\"valueRequired\":true,\"valueName\":\"search_term_string\"}}],\"inLanguage\":\"en-US\"},{\"@type\":\"Organization\",\"@id\":\"https:\/\/www.transportskoric.com\/#organization\",\"name\":\"Autoprevoznik \u0160kori\u0107 Du\u0161an\",\"url\":\"https:\/\/www.transportskoric.com\/\",\"logo\":{\"@type\":\"ImageObject\",\"inLanguage\":\"en-US\",\"@id\":\"https:\/\/www.transportskoric.com\/#\/schema\/logo\/image\/\",\"url\":\"https:\/\/www.transportskoric.com\/wp-content\/uploads\/2019\/08\/skoric-zeljko-drustvene-mreze-logo.jpg\",\"contentUrl\":\"https:\/\/www.transportskoric.com\/wp-content\/uploads\/2019\/08\/skoric-zeljko-drustvene-mreze-logo.jpg\",\"width\":1000,\"height\":1000,\"caption\":\"Autoprevoznik \u0160kori\u0107 Du\u0161an\"},\"image\":{\"@id\":\"https:\/\/www.transportskoric.com\/#\/schema\/logo\/image\/\"},\"sameAs\":[\"https:\/\/www.facebook.com\/Autoprevoznik-\u0160kori\u0107-\u017deljko-101802127864840\/\",\"https:\/\/www.instagram.com\/transportskoric\/\"]}]}<\/script>\n<!-- \/ Yoast SEO plugin. -->","yoast_head_json":{"title":"Home - Transport Skoric","robots":{"index":"index","follow":"follow","max-snippet":"max-snippet:-1","max-image-preview":"max-image-preview:large","max-video-preview":"max-video-preview:-1"},"canonical":"https:\/\/www.transportskoric.com\/en\/","og_locale":"en_US","og_type":"article","og_title":"Home - Transport Skoric","og_description":"[vc_row][vc_column][\/vc_column][\/vc_row][vc_row full_width=&#8221;stretch_row&#8221; css=&#8221;.vc_custom_1566753535959{padding-top: 60px !important;padding-bottom: 60px !important;}&#8221; el_id=&#8221;aboutus&#8221;][vc_column offset=&#8221;vc_col-md-6&#8243;][\/vc_column][vc_column offset=&#8221;vc_col-md-6&#8243;][\/vc_column][\/vc_row][vc_row full_width=&#8221;stretch_row&#8221; ...","og_url":"https:\/\/www.transportskoric.com\/en\/","og_site_name":"Transport Skoric","article_publisher":"https:\/\/www.facebook.com\/Autoprevoznik-%c5%a0kori%c4%87-%c5%bdeljko-101802127864840\/","article_modified_time":"2019-08-25T17:56:26+00:00","twitter_card":"summary_large_image","twitter_misc":{"Est. reading time":"3 minutes"},"schema":{"@context":"https:\/\/schema.org","@graph":[{"@type":"WebPage","@id":"https:\/\/www.transportskoric.com\/en\/","url":"https:\/\/www.transportskoric.com\/en\/","name":"Home - Transport Skoric","isPartOf":{"@id":"https:\/\/www.transportskoric.com\/#website"},"datePublished":"2019-08-25T17:19:23+00:00","dateModified":"2019-08-25T17:56:26+00:00","breadcrumb":{"@id":"https:\/\/www.transportskoric.com\/en\/#breadcrumb"},"inLanguage":"en-US","potentialAction":[{"@type":"ReadAction","target":["https:\/\/www.transportskoric.com\/en\/"]}]},{"@type":"BreadcrumbList","@id":"https:\/\/www.transportskoric.com\/en\/#breadcrumb","itemListElement":[{"@type":"ListItem","position":1,"name":"Po\u010detna","item":"https:\/\/www.transportskoric.com\/en\/"},{"@type":"ListItem","position":2,"name":"Home"}]},{"@type":"WebSite","@id":"https:\/\/www.transportskoric.com\/#website","url":"https:\/\/www.transportskoric.com\/","name":"Autoprevoznik \u0160kori\u0107 Du\u0161an","description":"\u0421\u0430\u043c\u043e \u0458\u043e\u0448 \u0458\u0435\u0434\u043d\u043e \u0412\u043e\u0440\u0434\u043f\u0440\u0435\u0441\u043e\u0432\u043e \u0432\u0435\u0431 \u043c\u0435\u0441\u0442\u043e","publisher":{"@id":"https:\/\/www.transportskoric.com\/#organization"},"potentialAction":[{"@type":"SearchAction","target":{"@type":"EntryPoint","urlTemplate":"https:\/\/www.transportskoric.com\/?s={search_term_string}"},"query-input":{"@type":"PropertyValueSpecification","valueRequired":true,"valueName":"search_term_string"}}],"inLanguage":"en-US"},{"@type":"Organization","@id":"https:\/\/www.transportskoric.com\/#organization","name":"Autoprevoznik \u0160kori\u0107 Du\u0161an","url":"https:\/\/www.transportskoric.com\/","logo":{"@type":"ImageObject","inLanguage":"en-US","@id":"https:\/\/www.transportskoric.com\/#\/schema\/logo\/image\/","url":"https:\/\/www.transportskoric.com\/wp-content\/uploads\/2019\/08\/skoric-zeljko-drustvene-mreze-logo.jpg","contentUrl":"https:\/\/www.transportskoric.com\/wp-content\/uploads\/2019\/08\/skoric-zeljko-drustvene-mreze-logo.jpg","width":1000,"height":1000,"caption":"Autoprevoznik \u0160kori\u0107 Du\u0161an"},"image":{"@id":"https:\/\/www.transportskoric.com\/#\/schema\/logo\/image\/"},"sameAs":["https:\/\/www.facebook.com\/Autoprevoznik-\u0160kori\u0107-\u017deljko-101802127864840\/","https:\/\/www.instagram.com\/transportskoric\/"]}]}},"_links":{"self":[{"href":"https:\/\/www.transportskoric.com\/en\/wp-json\/wp\/v2\/pages\/1525","targetHints":{"allow":["GET"]}}],"collection":[{"href":"https:\/\/www.transportskoric.com\/en\/wp-json\/wp\/v2\/pages"}],"about":[{"href":"https:\/\/www.transportskoric.com\/en\/wp-json\/wp\/v2\/types\/page"}],"author":[{"embeddable":true,"href":"https:\/\/www.transportskoric.com\/en\/wp-json\/wp\/v2\/users\/1"}],"replies":[{"embeddable":true,"href":"https:\/\/www.transportskoric.com\/en\/wp-json\/wp\/v2\/comments?post=1525"}],"version-history":[{"count":8,"href":"https:\/\/www.transportskoric.com\/en\/wp-json\/wp\/v2\/pages\/1525\/revisions"}],"predecessor-version":[{"id":1571,"href":"https:\/\/www.transportskoric.com\/en\/wp-json\/wp\/v2\/pages\/1525\/revisions\/1571"}],"wp:attachment":[{"href":"https:\/\/www.transportskoric.com\/en\/wp-json\/wp\/v2\/media?parent=1525"}],"curies":[{"name":"wp","href":"https:\/\/api.w.org\/{rel}","templated":true}]}}