{"id":1561,"date":"2019-08-25T19:41:17","date_gmt":"2019-08-25T17:41:17","guid":{"rendered":"https:\/\/www.transportskoric.com\/?page_id=1561"},"modified":"2019-08-25T20:46:29","modified_gmt":"2019-08-25T18:46:29","slug":"contact","status":"publish","type":"page","link":"https:\/\/www.transportskoric.com\/en\/contact\/","title":{"rendered":"Contact"},"content":{"rendered":"<div class=\"wpb-content-wrapper\"><p>[vc_row full_width=&#8221;stretch_row_content_no_spaces&#8221;][vc_column][vc_raw_html]JTNDaWZyYW1lJTIwc3JjJTNEJTIyaHR0cHMlM0ElMkYlMkZ3d3cuZ29vZ2xlLmNvbSUyRm1hcHMlMkZlbWJlZCUzRnBiJTNEJTIxMW0xOCUyMTFtMTIlMjExbTMlMjExZDI4MjEuNjQ5NTg4NDE4NDIlMjEyZDIwLjE2Nzc3MzYxNTc0NDc1JTIxM2Q0NC45OTE0MjkwNzI4ODQ5MzQlMjEybTMlMjExZjAlMjEyZjAlMjEzZjAlMjEzbTIlMjExaTEwMjQlMjEyaTc2OCUyMTRmMTMuMSUyMTNtMyUyMTFtMiUyMTFzMHg0NzVhNTg0M2IzZDhiODg1JTI1M0EweGJkNjM4NjMyYTg5YjNjNGYlMjEyejBKUFJnTkM4MExYUmg5QzYwTEFnTVN3ZzBLSFJndEN3MFlEUXNDRFFuOUN3MExmUXZ0Q3kwTEElMjE1ZTAlMjEzbTIlMjExc3NyJTIxMnNycyUyMTR2MTU2Njc0MDMyNjk1OCUyMTVtMiUyMTFzc3IlMjEyc3JzJTIyJTIwd2lkdGglM0QlMjIxMDAlMjUlMjIlMjBoZWlnaHQlM0QlMjI1MDAlMjIlMjBmcmFtZWJvcmRlciUzRCUyMjAlMjIlMjBzdHlsZSUzRCUyMmJvcmRlciUzQTAlM0IlMjIlMjBhbGxvd2Z1bGxzY3JlZW4lM0QlMjIlMjIlM0UlM0MlMkZpZnJhbWUlM0U=[\/vc_raw_html][\/vc_column][\/vc_row][vc_row][vc_column]<div class=\"cz_eqh cz_content_box_parent_fx  \"><div id=\"cz_74956\" class=\"cz_74956 cz_content_box clr\"><div class=\"cz_box_front clr\"><div class=\"cz_box_front_inner clr \"><span><\/span><div>[vc_row_inner equal_height=&#8221;yes&#8221; content_placement=&#8221;middle&#8221;][vc_column_inner width=&#8221;3\/5&#8243; css=&#8221;.vc_custom_1566740811496{padding-right: 75px !important;padding-left: 80px !important;}&#8221;]<div class=\"cz_gap clr \" style=\"height: 60px\"><\/div>[vc_column_text]<div id=\"quform-38b0a5\" class=\"quform quform-4 quform-theme-light quform-support-page-caching\"><form id=\"quform-form-38b0a5\" class=\"quform-form quform-form-4\" action=\"\/en\/wp-json\/wp\/v2\/pages\/1561#quform-38b0a5\" method=\"post\" enctype=\"multipart\/form-data\" novalidate=\"novalidate\" data-options=\"{&quot;id&quot;:4,&quot;uniqueId&quot;:&quot;38b0a5&quot;,&quot;theme&quot;:&quot;light&quot;,&quot;ajax&quot;:true,&quot;logic&quot;:{&quot;logic&quot;:[],&quot;dependents&quot;:[],&quot;elementIds&quot;:[],&quot;dependentElementIds&quot;:[],&quot;animate&quot;:true},&quot;currentPageId&quot;:1,&quot;errorsIcon&quot;:&quot;&quot;,&quot;updateFancybox&quot;:true,&quot;hasPages&quot;:false,&quot;pages&quot;:[1],&quot;pageProgressType&quot;:&quot;numbers&quot;,&quot;tooltipsEnabled&quot;:true,&quot;tooltipClasses&quot;:&quot;qtip-quform-dark qtip-shadow&quot;,&quot;tooltipMy&quot;:&quot;left center&quot;,&quot;tooltipAt&quot;:&quot;right center&quot;,&quot;isRtl&quot;:false,&quot;scrollOffset&quot;:-50,&quot;scrollSpeed&quot;:800}\"><button class=\"quform-default-submit\" name=\"quform_submit\" type=\"submit\" value=\"submit\"><\/button><div class=\"quform-form-inner quform-form-inner-4\"><input type=\"hidden\" name=\"quform_form_id\" value=\"4\" \/><input type=\"hidden\" name=\"quform_form_uid\" value=\"38b0a5\" \/><input type=\"hidden\" name=\"quform_count\" value=\"1\" \/><input type=\"hidden\" name=\"form_url\" value=\"https:\/\/www.transportskoric.com\/en\/wp-json\/wp\/v2\/pages\/1561\" \/><input type=\"hidden\" name=\"referring_url\" value=\"\" \/><input type=\"hidden\" name=\"post_id\" value=\"\" \/><input type=\"hidden\" name=\"post_title\" value=\"\" \/><input type=\"hidden\" name=\"quform_current_page_id\" value=\"1\" \/><input type=\"hidden\" name=\"quform_csrf_token\" value=\"uvFLdoX4tAm7NIh1Bn8Vb85spMyktUDFQ2CrEJsa\" \/><div class=\"quform-elements quform-elements-4 quform-cf quform-responsive-elements-phone-landscape\"><div class=\"quform-element quform-element-page quform-page-1 quform-page-4_1 quform-cf quform-group-style-plain quform-first-page quform-last-page quform-current-page\"><div class=\"quform-child-elements\"><div class=\"quform-element quform-element-text quform-element-4_27 quform-cf quform-element-required\"><div class=\"quform-spacer\"><div class=\"quform-label quform-label-4_27\"><label class=\"quform-label-text\" for=\"quform_4_27_38b0a5\">Your name<span class=\"quform-required\">*<\/span><\/label><\/div><div class=\"quform-inner quform-inner-text quform-inner-4_27\"><div class=\"quform-input quform-input-text quform-input-4_27 quform-cf\"><input type=\"text\" id=\"quform_4_27_38b0a5\" name=\"quform_4_27\" class=\"quform-field quform-field-text quform-field-4_27\" \/><\/div><\/div><\/div><\/div><div class=\"quform-element quform-element-text quform-element-4_28 quform-cf quform-element-required\"><div class=\"quform-spacer\"><div class=\"quform-label quform-label-4_28\"><label class=\"quform-label-text\" for=\"quform_4_28_38b0a5\">Your phone<span class=\"quform-required\">*<\/span><\/label><\/div><div class=\"quform-inner quform-inner-text quform-inner-4_28\"><div class=\"quform-input quform-input-text quform-input-4_28 quform-cf\"><input type=\"text\" id=\"quform_4_28_38b0a5\" name=\"quform_4_28\" class=\"quform-field quform-field-text quform-field-4_28\" \/><\/div><\/div><\/div><\/div><div class=\"quform-element quform-element-email quform-element-4_29 quform-cf quform-element-required\"><div class=\"quform-spacer\"><div class=\"quform-label quform-label-4_29\"><label class=\"quform-label-text\" for=\"quform_4_29_38b0a5\">Email address<span class=\"quform-required\">*<\/span><\/label><\/div><div class=\"quform-inner quform-inner-email quform-inner-4_29\"><div class=\"quform-input quform-input-email quform-input-4_29 quform-cf\"><input type=\"email\" id=\"quform_4_29_38b0a5\" name=\"quform_4_29\" class=\"quform-field quform-field-email quform-field-4_29\" \/><\/div><\/div><\/div><\/div><div class=\"quform-element quform-element-textarea quform-element-4_31 quform-cf quform-element-optional\"><div class=\"quform-spacer\"><div class=\"quform-label quform-label-4_31\"><label class=\"quform-label-text\" for=\"quform_4_31_38b0a5\">Message<\/label><\/div><div class=\"quform-inner quform-inner-textarea quform-inner-4_31\"><div class=\"quform-input quform-input-textarea quform-input-4_31 quform-cf\"><textarea id=\"quform_4_31_38b0a5\" name=\"quform_4_31\" class=\"quform-field quform-field-textarea quform-field-4_31\"><\/textarea><\/div><\/div><\/div><\/div><div class=\"quform-element quform-element-recaptcha quform-element-4_32 quform-cf quform-element-required quform-recaptcha-no-size\"><div class=\"quform-spacer\"><div class=\"quform-inner quform-inner-recaptcha quform-inner-4_32\"><div class=\"quform-input quform-input-recaptcha quform-input-4_32 quform-cf\"><div class=\"quform-recaptcha\" data-config=\"{&quot;sitekey&quot;:&quot;6LdSxrQUAAAAAORvppcMTsq-XoOOfk6oueRAf0i0&quot;,&quot;_version&quot;:&quot;v3&quot;,&quot;size&quot;:&quot;invisible&quot;,&quot;type&quot;:&quot;image&quot;,&quot;theme&quot;:&quot;light&quot;,&quot;badge&quot;:&quot;bottomright&quot;}\"><\/div><noscript>Please enable JavaScript to submit this form.<\/noscript><\/div><\/div><\/div><\/div><div class=\"quform-element quform-element-submit quform-element-4_2 quform-cf quform-button-style-theme\"><div class=\"quform-button-submit quform-button-submit-default quform-button-submit-4_2\"><button name=\"quform_submit\" type=\"submit\" class=\"quform-submit\" value=\"submit\"><span class=\"quform-button-text quform-button-submit-text\">Send<\/span><\/button><\/div><div class=\"quform-loading quform-loading-position-left quform-loading-type-spinner-1\"><div class=\"quform-loading-inner\"><div class=\"quform-loading-spinner\"><div class=\"quform-loading-spinner-inner\"><\/div><\/div><\/div><\/div><\/div><div class=\"quform-element-tree\"><label for=\"quform_4_0_38b0a5\">This field should be left blank<\/label><input type=\"text\" id=\"quform_4_0_38b0a5\" name=\"quform_4_0\" class=\"quform-field quform-field-tree quform-field-4_0\" tabindex=\"-1\" autocomplete=\"off\" \/><\/div><\/div><\/div><\/div><\/div><\/form><\/div>[\/vc_column_text]<div class=\"cz_gap clr  hide_on_tablet hide_on_mobile\" style=\"height: 0px\"><\/div><div class=\"cz_gap show_on_tablet clr \" style=\"height: 40px\"><\/div>[\/vc_column_inner][vc_column_inner width=&#8221;2\/5&#8243; css=&#8221;.vc_custom_1566740816351{margin-left: 15px !important;padding-right: 50px !important;padding-left: 50px !important;background-color: #223d65 !important;}&#8221;]<div class=\"cz_gap clr \" style=\"height: 25px\"><\/div><a href=\"tel:0016675534566\"><div id=\"cz_95539\" class=\"cz_95539 services clr style1 cz_sbi_fx_7a left\"><div class=\"service_custom\"><i class=\"fa czico-123-call\"><\/i><\/div><div class=\"service_text\"><h3>Mobile<\/h3><div class=\"cz_wpe_content\"><span style=\"color: #ffffff;\">063 104 92 89<\/span><\/div><\/div><\/div><\/a><a href=\"tel:0016675534566\"><div id=\"cz_19430\" class=\"cz_19430 services clr style1 cz_sbi_fx_7a left\"><div class=\"service_custom\"><i class=\"fa czico-123-call\"><\/i><\/div><div class=\"service_text\"><h3>Phone<\/h3><div class=\"cz_wpe_content\"><span style=\"color: #ffffff;\">022 310 900<br \/>\n<\/span><\/div><\/div><\/div><\/a><a href=\"mailto:xtratheme@yoursite.com\"><div id=\"cz_22067\" class=\"cz_22067 services clr style1 cz_sbi_fx_7a left\"><div class=\"service_custom\"><i class=\"fa czico-010-support\"><\/i><\/div><div class=\"service_text\"><h3>Email<\/h3><div class=\"cz_wpe_content\"><span style=\"color: #ffffff;\">skorich@hotmail.com<\/span><\/div><\/div><\/div><\/a><a href=\"https:\/\/www.google.com\/maps\/place\/California\/@37.1931463,-123.795548,6z\/data=!3m1!4b1!4m5!3m4!1s0x808fb9fe5f285e3d:0x8b5109a227086f55!8m2!3d36.778261!4d-119.4179324\" target=\"_blank\"><div id=\"cz_32253\" class=\"cz_32253 services clr style1 cz_sbi_fx_7a left\"><div class=\"service_custom\"><i class=\"fa czico-082-maps-and-flags\"><\/i><\/div><div class=\"service_text\"><h3>Address<\/h3><div class=\"cz_wpe_content\"><span style=\"color: #ffffff;\">Grme\u010dka 1, 22300 Stara Pazova, Serbia<br \/>\n<\/span><\/div><\/div><\/div><\/a><div class=\"cz_gap clr  hide_on_tablet hide_on_mobile\" style=\"height: 125px\"><\/div><div class=\"cz_gap show_on_tablet clr \" style=\"height: 50px\"><\/div>[\/vc_column_inner][\/vc_row_inner]<\/div><\/div><\/div><\/div><\/div><div class=\"cz_gap clr \" style=\"height: 150px\"><\/div>[\/vc_column][\/vc_row]<\/p>\n<\/div>","protected":false},"excerpt":{"rendered":"<p>[vc_row full_width=&#8221;stretch_row_content_no_spaces&#8221;][vc_column][vc_raw_html]JTNDaWZyYW1lJTIwc3JjJTNEJTIyaHR0cHMlM0ElMkYlMkZ3d3cuZ29vZ2xlLmNvbSUyRm1hcHMlMkZlbWJlZCUzRnBiJTNEJTIxMW0xOCUyMTFtMTIlMjExbTMlMjExZDI4MjEuNjQ5NTg4NDE4NDIlMjEyZDIwLjE2Nzc3MzYxNTc0NDc1JTIxM2Q0NC45OTE0MjkwNzI4ODQ5MzQlMjEybTMlMjExZjAlMjEyZjAlMjEzZjAlMjEzbTIlMjExaTEwMjQlMjEyaTc2OCUyMTRmMTMuMSUyMTNtMyUyMTFtMiUyMTFzMHg0NzVhNTg0M2IzZDhiODg1JTI1M0EweGJkNjM4NjMyYTg5YjNjNGYlMjEyejBKUFJnTkM4MExYUmg5QzYwTEFnTVN3ZzBLSFJndEN3MFlEUXNDRFFuOUN3MExmUXZ0Q3kwTEElMjE1ZTAlMjEzbTIlMjExc3NyJTIxMnNycyUyMTR2MTU2Njc0MDMyNjk1OCUyMTVtMiUyMTFzc3IlMjEyc3JzJTIyJTIwd2lkdGglM0QlMjIxMDAlMjUlMjIlMjBoZWlnaHQlM0QlMjI1MDAlMjIlMjBmcmFtZWJvcmRlciUzRCUyMjAlMjIlMjBzdHlsZSUzRCUyMmJvcmRlciUzQTAlM0IlMjIlMjBhbGxvd2Z1bGxzY3JlZW4lM0QlMjIlMjIlM0UlM0MlMkZpZnJhbWUlM0U=[\/vc_raw_html][\/vc_column][\/vc_row][vc_row][vc_column][\/vc_column][\/vc_row] &#8230; <\/p>\n","protected":false},"author":1,"featured_media":0,"parent":0,"menu_order":0,"comment_status":"closed","ping_status":"closed","template":"","meta":{"footnotes":""},"class_list":["post-1561","page","type-page","status-publish","hentry"],"yoast_head":"<!-- This site is optimized with the Yoast SEO plugin v26.1.1 - https:\/\/yoast.com\/wordpress\/plugins\/seo\/ -->\n<title>Contact - Transport Skoric<\/title>\n<meta name=\"robots\" content=\"index, follow, max-snippet:-1, max-image-preview:large, max-video-preview:-1\" \/>\n<link rel=\"canonical\" href=\"https:\/\/www.transportskoric.com\/en\/contact\/\" \/>\n<meta property=\"og:locale\" content=\"en_US\" \/>\n<meta property=\"og:type\" content=\"article\" \/>\n<meta property=\"og:title\" content=\"Contact - Transport Skoric\" \/>\n<meta property=\"og:description\" content=\"[vc_row full_width=&#8221;stretch_row_content_no_spaces&#8221;][vc_column][vc_raw_html]JTNDaWZyYW1lJTIwc3JjJTNEJTIyaHR0cHMlM0ElMkYlMkZ3d3cuZ29vZ2xlLmNvbSUyRm1hcHMlMkZlbWJlZCUzRnBiJTNEJTIxMW0xOCUyMTFtMTIlMjExbTMlMjExZDI4MjEuNjQ5NTg4NDE4NDIlMjEyZDIwLjE2Nzc3MzYxNTc0NDc1JTIxM2Q0NC45OTE0MjkwNzI4ODQ5MzQlMjEybTMlMjExZjAlMjEyZjAlMjEzZjAlMjEzbTIlMjExaTEwMjQlMjEyaTc2OCUyMTRmMTMuMSUyMTNtMyUyMTFtMiUyMTFzMHg0NzVhNTg0M2IzZDhiODg1JTI1M0EweGJkNjM4NjMyYTg5YjNjNGYlMjEyejBKUFJnTkM4MExYUmg5QzYwTEFnTVN3ZzBLSFJndEN3MFlEUXNDRFFuOUN3MExmUXZ0Q3kwTEElMjE1ZTAlMjEzbTIlMjExc3NyJTIxMnNycyUyMTR2MTU2Njc0MDMyNjk1OCUyMTVtMiUyMTFzc3IlMjEyc3JzJTIyJTIwd2lkdGglM0QlMjIxMDAlMjUlMjIlMjBoZWlnaHQlM0QlMjI1MDAlMjIlMjBmcmFtZWJvcmRlciUzRCUyMjAlMjIlMjBzdHlsZSUzRCUyMmJvcmRlciUzQTAlM0IlMjIlMjBhbGxvd2Z1bGxzY3JlZW4lM0QlMjIlMjIlM0UlM0MlMkZpZnJhbWUlM0U=[\/vc_raw_html][\/vc_column][\/vc_row][vc_row][vc_column][\/vc_column][\/vc_row] ...\" \/>\n<meta property=\"og:url\" content=\"https:\/\/www.transportskoric.com\/en\/contact\/\" \/>\n<meta property=\"og:site_name\" content=\"Transport Skoric\" \/>\n<meta property=\"article:publisher\" content=\"https:\/\/www.facebook.com\/Autoprevoznik-%c5%a0kori%c4%87-%c5%bdeljko-101802127864840\/\" \/>\n<meta property=\"article:modified_time\" content=\"2019-08-25T18:46:29+00:00\" \/>\n<meta name=\"twitter:card\" content=\"summary_large_image\" \/>\n<meta name=\"twitter:label1\" content=\"Est. reading time\" \/>\n\t<meta name=\"twitter:data1\" content=\"3 minutes\" \/>\n<script type=\"application\/ld+json\" class=\"yoast-schema-graph\">{\"@context\":\"https:\/\/schema.org\",\"@graph\":[{\"@type\":\"WebPage\",\"@id\":\"https:\/\/www.transportskoric.com\/en\/contact\/\",\"url\":\"https:\/\/www.transportskoric.com\/en\/contact\/\",\"name\":\"Contact - Transport Skoric\",\"isPartOf\":{\"@id\":\"https:\/\/www.transportskoric.com\/#website\"},\"datePublished\":\"2019-08-25T17:41:17+00:00\",\"dateModified\":\"2019-08-25T18:46:29+00:00\",\"breadcrumb\":{\"@id\":\"https:\/\/www.transportskoric.com\/en\/contact\/#breadcrumb\"},\"inLanguage\":\"en-US\",\"potentialAction\":[{\"@type\":\"ReadAction\",\"target\":[\"https:\/\/www.transportskoric.com\/en\/contact\/\"]}]},{\"@type\":\"BreadcrumbList\",\"@id\":\"https:\/\/www.transportskoric.com\/en\/contact\/#breadcrumb\",\"itemListElement\":[{\"@type\":\"ListItem\",\"position\":1,\"name\":\"Po\u010detna\",\"item\":\"https:\/\/www.transportskoric.com\/en\/\"},{\"@type\":\"ListItem\",\"position\":2,\"name\":\"Contact\"}]},{\"@type\":\"WebSite\",\"@id\":\"https:\/\/www.transportskoric.com\/#website\",\"url\":\"https:\/\/www.transportskoric.com\/\",\"name\":\"Autoprevoznik \u0160kori\u0107 Du\u0161an\",\"description\":\"\u0421\u0430\u043c\u043e \u0458\u043e\u0448 \u0458\u0435\u0434\u043d\u043e \u0412\u043e\u0440\u0434\u043f\u0440\u0435\u0441\u043e\u0432\u043e \u0432\u0435\u0431 \u043c\u0435\u0441\u0442\u043e\",\"publisher\":{\"@id\":\"https:\/\/www.transportskoric.com\/#organization\"},\"potentialAction\":[{\"@type\":\"SearchAction\",\"target\":{\"@type\":\"EntryPoint\",\"urlTemplate\":\"https:\/\/www.transportskoric.com\/?s={search_term_string}\"},\"query-input\":{\"@type\":\"PropertyValueSpecification\",\"valueRequired\":true,\"valueName\":\"search_term_string\"}}],\"inLanguage\":\"en-US\"},{\"@type\":\"Organization\",\"@id\":\"https:\/\/www.transportskoric.com\/#organization\",\"name\":\"Autoprevoznik \u0160kori\u0107 Du\u0161an\",\"url\":\"https:\/\/www.transportskoric.com\/\",\"logo\":{\"@type\":\"ImageObject\",\"inLanguage\":\"en-US\",\"@id\":\"https:\/\/www.transportskoric.com\/#\/schema\/logo\/image\/\",\"url\":\"https:\/\/www.transportskoric.com\/wp-content\/uploads\/2019\/08\/skoric-zeljko-drustvene-mreze-logo.jpg\",\"contentUrl\":\"https:\/\/www.transportskoric.com\/wp-content\/uploads\/2019\/08\/skoric-zeljko-drustvene-mreze-logo.jpg\",\"width\":1000,\"height\":1000,\"caption\":\"Autoprevoznik \u0160kori\u0107 Du\u0161an\"},\"image\":{\"@id\":\"https:\/\/www.transportskoric.com\/#\/schema\/logo\/image\/\"},\"sameAs\":[\"https:\/\/www.facebook.com\/Autoprevoznik-\u0160kori\u0107-\u017deljko-101802127864840\/\",\"https:\/\/www.instagram.com\/transportskoric\/\"]}]}<\/script>\n<!-- \/ Yoast SEO plugin. -->","yoast_head_json":{"title":"Contact - Transport Skoric","robots":{"index":"index","follow":"follow","max-snippet":"max-snippet:-1","max-image-preview":"max-image-preview:large","max-video-preview":"max-video-preview:-1"},"canonical":"https:\/\/www.transportskoric.com\/en\/contact\/","og_locale":"en_US","og_type":"article","og_title":"Contact - Transport Skoric","og_description":"[vc_row full_width=&#8221;stretch_row_content_no_spaces&#8221;][vc_column][vc_raw_html]JTNDaWZyYW1lJTIwc3JjJTNEJTIyaHR0cHMlM0ElMkYlMkZ3d3cuZ29vZ2xlLmNvbSUyRm1hcHMlMkZlbWJlZCUzRnBiJTNEJTIxMW0xOCUyMTFtMTIlMjExbTMlMjExZDI4MjEuNjQ5NTg4NDE4NDIlMjEyZDIwLjE2Nzc3MzYxNTc0NDc1JTIxM2Q0NC45OTE0MjkwNzI4ODQ5MzQlMjEybTMlMjExZjAlMjEyZjAlMjEzZjAlMjEzbTIlMjExaTEwMjQlMjEyaTc2OCUyMTRmMTMuMSUyMTNtMyUyMTFtMiUyMTFzMHg0NzVhNTg0M2IzZDhiODg1JTI1M0EweGJkNjM4NjMyYTg5YjNjNGYlMjEyejBKUFJnTkM4MExYUmg5QzYwTEFnTVN3ZzBLSFJndEN3MFlEUXNDRFFuOUN3MExmUXZ0Q3kwTEElMjE1ZTAlMjEzbTIlMjExc3NyJTIxMnNycyUyMTR2MTU2Njc0MDMyNjk1OCUyMTVtMiUyMTFzc3IlMjEyc3JzJTIyJTIwd2lkdGglM0QlMjIxMDAlMjUlMjIlMjBoZWlnaHQlM0QlMjI1MDAlMjIlMjBmcmFtZWJvcmRlciUzRCUyMjAlMjIlMjBzdHlsZSUzRCUyMmJvcmRlciUzQTAlM0IlMjIlMjBhbGxvd2Z1bGxzY3JlZW4lM0QlMjIlMjIlM0UlM0MlMkZpZnJhbWUlM0U=[\/vc_raw_html][\/vc_column][\/vc_row][vc_row][vc_column][\/vc_column][\/vc_row] ...","og_url":"https:\/\/www.transportskoric.com\/en\/contact\/","og_site_name":"Transport Skoric","article_publisher":"https:\/\/www.facebook.com\/Autoprevoznik-%c5%a0kori%c4%87-%c5%bdeljko-101802127864840\/","article_modified_time":"2019-08-25T18:46:29+00:00","twitter_card":"summary_large_image","twitter_misc":{"Est. reading time":"3 minutes"},"schema":{"@context":"https:\/\/schema.org","@graph":[{"@type":"WebPage","@id":"https:\/\/www.transportskoric.com\/en\/contact\/","url":"https:\/\/www.transportskoric.com\/en\/contact\/","name":"Contact - Transport Skoric","isPartOf":{"@id":"https:\/\/www.transportskoric.com\/#website"},"datePublished":"2019-08-25T17:41:17+00:00","dateModified":"2019-08-25T18:46:29+00:00","breadcrumb":{"@id":"https:\/\/www.transportskoric.com\/en\/contact\/#breadcrumb"},"inLanguage":"en-US","potentialAction":[{"@type":"ReadAction","target":["https:\/\/www.transportskoric.com\/en\/contact\/"]}]},{"@type":"BreadcrumbList","@id":"https:\/\/www.transportskoric.com\/en\/contact\/#breadcrumb","itemListElement":[{"@type":"ListItem","position":1,"name":"Po\u010detna","item":"https:\/\/www.transportskoric.com\/en\/"},{"@type":"ListItem","position":2,"name":"Contact"}]},{"@type":"WebSite","@id":"https:\/\/www.transportskoric.com\/#website","url":"https:\/\/www.transportskoric.com\/","name":"Autoprevoznik \u0160kori\u0107 Du\u0161an","description":"\u0421\u0430\u043c\u043e \u0458\u043e\u0448 \u0458\u0435\u0434\u043d\u043e \u0412\u043e\u0440\u0434\u043f\u0440\u0435\u0441\u043e\u0432\u043e \u0432\u0435\u0431 \u043c\u0435\u0441\u0442\u043e","publisher":{"@id":"https:\/\/www.transportskoric.com\/#organization"},"potentialAction":[{"@type":"SearchAction","target":{"@type":"EntryPoint","urlTemplate":"https:\/\/www.transportskoric.com\/?s={search_term_string}"},"query-input":{"@type":"PropertyValueSpecification","valueRequired":true,"valueName":"search_term_string"}}],"inLanguage":"en-US"},{"@type":"Organization","@id":"https:\/\/www.transportskoric.com\/#organization","name":"Autoprevoznik \u0160kori\u0107 Du\u0161an","url":"https:\/\/www.transportskoric.com\/","logo":{"@type":"ImageObject","inLanguage":"en-US","@id":"https:\/\/www.transportskoric.com\/#\/schema\/logo\/image\/","url":"https:\/\/www.transportskoric.com\/wp-content\/uploads\/2019\/08\/skoric-zeljko-drustvene-mreze-logo.jpg","contentUrl":"https:\/\/www.transportskoric.com\/wp-content\/uploads\/2019\/08\/skoric-zeljko-drustvene-mreze-logo.jpg","width":1000,"height":1000,"caption":"Autoprevoznik \u0160kori\u0107 Du\u0161an"},"image":{"@id":"https:\/\/www.transportskoric.com\/#\/schema\/logo\/image\/"},"sameAs":["https:\/\/www.facebook.com\/Autoprevoznik-\u0160kori\u0107-\u017deljko-101802127864840\/","https:\/\/www.instagram.com\/transportskoric\/"]}]}},"_links":{"self":[{"href":"https:\/\/www.transportskoric.com\/en\/wp-json\/wp\/v2\/pages\/1561","targetHints":{"allow":["GET"]}}],"collection":[{"href":"https:\/\/www.transportskoric.com\/en\/wp-json\/wp\/v2\/pages"}],"about":[{"href":"https:\/\/www.transportskoric.com\/en\/wp-json\/wp\/v2\/types\/page"}],"author":[{"embeddable":true,"href":"https:\/\/www.transportskoric.com\/en\/wp-json\/wp\/v2\/users\/1"}],"replies":[{"embeddable":true,"href":"https:\/\/www.transportskoric.com\/en\/wp-json\/wp\/v2\/comments?post=1561"}],"version-history":[{"count":4,"href":"https:\/\/www.transportskoric.com\/en\/wp-json\/wp\/v2\/pages\/1561\/revisions"}],"predecessor-version":[{"id":1587,"href":"https:\/\/www.transportskoric.com\/en\/wp-json\/wp\/v2\/pages\/1561\/revisions\/1587"}],"wp:attachment":[{"href":"https:\/\/www.transportskoric.com\/en\/wp-json\/wp\/v2\/media?parent=1561"}],"curies":[{"name":"wp","href":"https:\/\/api.w.org\/{rel}","templated":true}]}}